{"id":5864,"date":"2022-07-20T07:44:23","date_gmt":"2022-07-20T03:44:23","guid":{"rendered":"https:\/\/greentech.re\/%e6%96%b0%e9%97%bb\/"},"modified":"2024-04-13T16:27:06","modified_gmt":"2024-04-13T12:27:06","slug":"%e6%96%b0%e9%97%bb","status":"publish","type":"page","link":"https:\/\/greentech.re\/zh-hans\/%e6%96%b0%e9%97%bb\/","title":{"rendered":"\u65b0\u95fb"},"content":{"rendered":"\t\t<div data-elementor-type=\"wp-page\" data-elementor-id=\"5864\" class=\"elementor elementor-5864 elementor-2139\">\n\t\t\t\t\t\t<section class=\"elementor-section elementor-top-section elementor-element elementor-element-c2ae227 elementor-section-boxed elementor-section-height-default elementor-section-height-default\" data-id=\"c2ae227\" data-element_type=\"section\" data-e-type=\"section\">\n\t\t\t\t\t\t<div class=\"elementor-container elementor-column-gap-default\">\n\t\t\t\t\t<div class=\"elementor-column elementor-col-100 elementor-top-column elementor-element elementor-element-58f5890\" data-id=\"58f5890\" data-element_type=\"column\" data-e-type=\"column\">\n\t\t\t<div class=\"elementor-widget-wrap elementor-element-populated\">\n\t\t\t\t\t\t<div class=\"elementor-element elementor-element-476e2b2 elementor-widget elementor-widget-modina_portfolios\" data-id=\"476e2b2\" data-element_type=\"widget\" data-e-type=\"widget\" data-widget_type=\"modina_portfolios.default\">\n\t\t\t\t<div class=\"elementor-widget-container\">\n\t\t\t\t\t    \r\n    <div class=\"row mb-20\">\r\n        <div class=\"col-12 col-lg-12 text-center\">\r\n            <div class=\"portfolio-cat-filter\">\r\n                <button data-filter=\"*\" class=\"active\">\u5168\u90e8<\/button>\r\n                                <button data-filter=\".%e4%b8%89%e7%ba%a7%e6%b3%95%e4%bb%a4\">\u4e09\u7ea7\u6cd5\u4ee4<\/button>\r\n                                <button data-filter=\".%e5%85%89%e7%94%b5\">\u5149\u7535<\/button>\r\n                                <button data-filter=\".%e5%85%b6%e4%bb%96\">\u5176\u4ed6<\/button>\r\n                                <button data-filter=\".%e5%90%88%e4%bd%9c%e4%bc%99%e4%bc%b4\">\u5408\u4f5c\u4f19\u4f34<\/button>\r\n                                <button data-filter=\".%e8%83%bd%e9%87%8f%e5%b9%b3%e8%a1%a1\">\u80fd\u91cf\u5e73\u8861<\/button>\r\n                            <\/div>\r\n        <\/div>\r\n    <\/div>\r\n\r\n    <div class=\"row grid\">\r\n                <div class=\"col-lg-4 col-md-6 grid-item %e5%85%89%e7%94%b5\">\r\n            <div class=\"single-project-grid card bg-cover\" style=\"background-image: url('https:\/\/greentech.re\/wp-content\/uploads\/2023\/12\/AltiDrone974-HD-DJI_0619-Panorama-scaled.jpg');\">\r\n                <div class=\"project-details\">\r\n                    <div class=\"project-cat\">\r\n                        <a href=\"https:\/\/greentech.re\/zh-hans\/project_cat\/%e5%85%89%e7%94%b5\/\">\u5149\u7535<\/a>                    <\/div>\r\n                    <h3><a href=\"https:\/\/greentech.re\/zh-hans\/project\/%e7%94%a8%e4%ba%8e%e8%bd%ac%e5%94%ae%e7%9a%84%e5%85%89%e4%bc%8f%e5%8f%91%e7%94%b5%e7%ab%99-e-leclerc-%e6%80%bb%e9%83%a8%ef%bc%8c%e7%95%99%e5%b0%bc%e6%b1%aa%e5%b2%9b-974\/\">\u7528\u4e8e\u8f6c\u552e\u7684\u5149\u4f0f\u53d1\u7535\u7ad9 &#8211; E. Leclerc \u603b\u90e8\uff0c\u7559\u5c3c\u6c6a\u5c9b 974<\/a><\/h3>\r\n                    <div class=\"read-more-btn\">\r\n                        <a href=\"https:\/\/greentech.re\/zh-hans\/project\/%e7%94%a8%e4%ba%8e%e8%bd%ac%e5%94%ae%e7%9a%84%e5%85%89%e4%bc%8f%e5%8f%91%e7%94%b5%e7%ab%99-e-leclerc-%e6%80%bb%e9%83%a8%ef%bc%8c%e7%95%99%e5%b0%bc%e6%b1%aa%e5%b2%9b-974\/\">\u4e86\u89e3\u66f4\u591a <i class=\"fal fa-plus\"><\/i><\/a>\r\n                    <\/div>\r\n                <\/div>\r\n            <\/div>                  \r\n        <\/div>\r\n                <div class=\"col-lg-4 col-md-6 grid-item %e5%85%b6%e4%bb%96\">\r\n            <div class=\"single-project-grid card bg-cover\" style=\"background-image: url('https:\/\/greentech.re\/wp-content\/uploads\/2023\/11\/public-senat.png');\">\r\n                <div class=\"project-details\">\r\n                    <div class=\"project-cat\">\r\n                        <a href=\"https:\/\/greentech.re\/zh-hans\/project_cat\/%e5%85%b6%e4%bb%96\/\">\u5176\u4ed6<\/a>                    <\/div>\r\n                    <h3><a href=\"https:\/\/greentech.re\/zh-hans\/project\/%e6%a0%b8%e8%83%bd%e5%8e%86%e5%8f%b2%e6%80%a7%e5%8d%8f%e8%ae%ae%ef%bc%9aedf-%e5%92%8c%e6%b3%95%e5%9b%bd%e7%ab%9e%e4%ba%89%e5%8a%9b%e7%9a%84%e6%96%b0%e6%97%b6%e4%bb%a3\/\">\u6838\u80fd\u5386\u53f2\u6027\u534f\u8bae\uff1aEDF \u548c\u6cd5\u56fd\u7ade\u4e89\u529b\u7684\u65b0\u65f6\u4ee3<\/a><\/h3>\r\n                    <div class=\"read-more-btn\">\r\n                        <a href=\"https:\/\/greentech.re\/zh-hans\/project\/%e6%a0%b8%e8%83%bd%e5%8e%86%e5%8f%b2%e6%80%a7%e5%8d%8f%e8%ae%ae%ef%bc%9aedf-%e5%92%8c%e6%b3%95%e5%9b%bd%e7%ab%9e%e4%ba%89%e5%8a%9b%e7%9a%84%e6%96%b0%e6%97%b6%e4%bb%a3\/\">\u4e86\u89e3\u66f4\u591a <i class=\"fal fa-plus\"><\/i><\/a>\r\n                    <\/div>\r\n                <\/div>\r\n            <\/div>                  \r\n        <\/div>\r\n                <div class=\"col-lg-4 col-md-6 grid-item %e8%83%bd%e9%87%8f%e5%b9%b3%e8%a1%a1\">\r\n            <div class=\"single-project-grid card bg-cover\" style=\"background-image: url('https:\/\/greentech.re\/wp-content\/uploads\/2023\/08\/MicrosoftTeams-image-39.jpg');\">\r\n                <div class=\"project-details\">\r\n                    <div class=\"project-cat\">\r\n                        <a href=\"https:\/\/greentech.re\/zh-hans\/project_cat\/%e8%83%bd%e9%87%8f%e5%b9%b3%e8%a1%a1\/\">\u80fd\u91cf\u5e73\u8861<\/a>                    <\/div>\r\n                    <h3><a href=\"https:\/\/greentech.re\/zh-hans\/project\/effikaz-%e9%9d%a2%e5%90%91%e4%b8%aa%e4%ba%ba%e7%9a%84%e8%83%bd%e6%ba%90%e5%ae%a1%e8%ae%a1\/\">Effi&#8217;Kaz: \u9762\u5411\u4e2a\u4eba\u7684\u80fd\u6e90\u5ba1\u8ba1<\/a><\/h3>\r\n                    <div class=\"read-more-btn\">\r\n                        <a href=\"https:\/\/greentech.re\/zh-hans\/project\/effikaz-%e9%9d%a2%e5%90%91%e4%b8%aa%e4%ba%ba%e7%9a%84%e8%83%bd%e6%ba%90%e5%ae%a1%e8%ae%a1\/\">\u4e86\u89e3\u66f4\u591a <i class=\"fal fa-plus\"><\/i><\/a>\r\n                    <\/div>\r\n                <\/div>\r\n            <\/div>                  \r\n        <\/div>\r\n                <div class=\"col-lg-4 col-md-6 grid-item %e5%90%88%e4%bd%9c%e4%bc%99%e4%bc%b4\">\r\n            <div class=\"single-project-grid card bg-cover\" style=\"background-image: url('https:\/\/greentech.re\/wp-content\/uploads\/2023\/07\/20230615_AG_CEPAC-264-scaled.jpg');\">\r\n                <div class=\"project-details\">\r\n                    <div class=\"project-cat\">\r\n                        <a href=\"https:\/\/greentech.re\/zh-hans\/project_cat\/%e5%90%88%e4%bd%9c%e4%bc%99%e4%bc%b4\/\">\u5408\u4f5c\u4f19\u4f34<\/a>                    <\/div>\r\n                    <h3><a href=\"https:\/\/greentech.re\/zh-hans\/project\/%e5%9c%a8-cepac-%e5%a4%a7%e4%bc%9a%e4%b8%8a%e4%bb%8b%e7%bb%8d%e7%bb%bf%e8%89%b2%e6%8a%80%e6%9c%af-2023-%e5%b9%b4-6-%e6%9c%88\/\">\u5728 CEPAC \u5927\u4f1a\u4e0a\u4ecb\u7ecd\u7eff\u8272\u6280\u672f &#8211; 2023 \u5e74 6 \u6708<\/a><\/h3>\r\n                    <div class=\"read-more-btn\">\r\n                        <a href=\"https:\/\/greentech.re\/zh-hans\/project\/%e5%9c%a8-cepac-%e5%a4%a7%e4%bc%9a%e4%b8%8a%e4%bb%8b%e7%bb%8d%e7%bb%bf%e8%89%b2%e6%8a%80%e6%9c%af-2023-%e5%b9%b4-6-%e6%9c%88\/\">\u4e86\u89e3\u66f4\u591a <i class=\"fal fa-plus\"><\/i><\/a>\r\n                    <\/div>\r\n                <\/div>\r\n            <\/div>                  \r\n        <\/div>\r\n                <div class=\"col-lg-4 col-md-6 grid-item %e8%83%bd%e9%87%8f%e5%b9%b3%e8%a1%a1\">\r\n            <div class=\"single-project-grid card bg-cover\" style=\"background-image: url('https:\/\/greentech.re\/wp-content\/uploads\/2023\/04\/MicrosoftTeams-image-30.jpg');\">\r\n                <div class=\"project-details\">\r\n                    <div class=\"project-cat\">\r\n                        <a href=\"https:\/\/greentech.re\/zh-hans\/project_cat\/%e8%83%bd%e9%87%8f%e5%b9%b3%e8%a1%a1\/\">\u80fd\u91cf\u5e73\u8861<\/a>                    <\/div>\r\n                    <h3><a href=\"https:\/\/greentech.re\/zh-hans\/project\/%e8%83%bd%e6%ba%90%e5%ae%a1%e8%ae%a1-%e4%b8%93%e8%ae%bf-anthony-bouteiller\/\">\u80fd\u6e90\u5ba1\u8ba1 &#8211; \u4e13\u8bbf Anthony Bouteiller<\/a><\/h3>\r\n                    <div class=\"read-more-btn\">\r\n                        <a href=\"https:\/\/greentech.re\/zh-hans\/project\/%e8%83%bd%e6%ba%90%e5%ae%a1%e8%ae%a1-%e4%b8%93%e8%ae%bf-anthony-bouteiller\/\">\u4e86\u89e3\u66f4\u591a <i class=\"fal fa-plus\"><\/i><\/a>\r\n                    <\/div>\r\n                <\/div>\r\n            <\/div>                  \r\n        <\/div>\r\n                <div class=\"col-lg-4 col-md-6 grid-item %e4%b8%89%e7%ba%a7%e6%b3%95%e4%bb%a4\">\r\n            <div class=\"single-project-grid card bg-cover\" style=\"background-image: url('https:\/\/greentech.re\/wp-content\/uploads\/2023\/03\/decret-tertiaire.jpg');\">\r\n                <div class=\"project-details\">\r\n                    <div class=\"project-cat\">\r\n                        <a href=\"https:\/\/greentech.re\/zh-hans\/project_cat\/%e4%b8%89%e7%ba%a7%e6%b3%95%e4%bb%a4\/\">\u4e09\u7ea7\u6cd5\u4ee4<\/a>                    <\/div>\r\n                    <h3><a href=\"https:\/\/greentech.re\/zh-hans\/project\/%e7%ac%ac%e4%b8%89%e4%ba%a7%e4%b8%9a%e6%b3%95%e4%bb%a4%ef%bc%9a%e6%82%a8%e5%9c%a8-operat-%e4%b8%8a%e7%94%b3%e6%8a%a5%e6%b6%88%e8%b4%b9%e4%ba%86%e5%90%97%ef%bc%9f\/\">\u7b2c\u4e09\u4ea7\u4e1a\u6cd5\u4ee4\uff1a\u60a8\u5728 OPERAT \u4e0a\u7533\u62a5\u6d88\u8d39\u4e86\u5417\uff1f<\/a><\/h3>\r\n                    <div class=\"read-more-btn\">\r\n                        <a href=\"https:\/\/greentech.re\/zh-hans\/project\/%e7%ac%ac%e4%b8%89%e4%ba%a7%e4%b8%9a%e6%b3%95%e4%bb%a4%ef%bc%9a%e6%82%a8%e5%9c%a8-operat-%e4%b8%8a%e7%94%b3%e6%8a%a5%e6%b6%88%e8%b4%b9%e4%ba%86%e5%90%97%ef%bc%9f\/\">\u4e86\u89e3\u66f4\u591a <i class=\"fal fa-plus\"><\/i><\/a>\r\n                    <\/div>\r\n                <\/div>\r\n            <\/div>                  \r\n        <\/div>\r\n                <div class=\"col-lg-4 col-md-6 grid-item %e8%83%bd%e9%87%8f%e5%b9%b3%e8%a1%a1\">\r\n            <div class=\"single-project-grid card bg-cover\" style=\"background-image: url('https:\/\/greentech.re\/wp-content\/uploads\/2023\/01\/Interview.jpg');\">\r\n                <div class=\"project-details\">\r\n                    <div class=\"project-cat\">\r\n                        <a href=\"https:\/\/greentech.re\/zh-hans\/project_cat\/%e8%83%bd%e9%87%8f%e5%b9%b3%e8%a1%a1\/\">\u80fd\u91cf\u5e73\u8861<\/a>                    <\/div>\r\n                    <h3><a href=\"https:\/\/greentech.re\/zh-hans\/project\/%e9%87%87%e8%ae%bf%e5%bc%97%e6%9c%97%e7%b4%a2%e7%93%a6-%e5%8a%a0%e5%b0%94%e4%bb%a3\/\">\u91c7\u8bbf\u5f17\u6717\u7d22\u74e6-\u52a0\u5c14\u4ee3<\/a><\/h3>\r\n                    <div class=\"read-more-btn\">\r\n                        <a href=\"https:\/\/greentech.re\/zh-hans\/project\/%e9%87%87%e8%ae%bf%e5%bc%97%e6%9c%97%e7%b4%a2%e7%93%a6-%e5%8a%a0%e5%b0%94%e4%bb%a3\/\">\u4e86\u89e3\u66f4\u591a <i class=\"fal fa-plus\"><\/i><\/a>\r\n                    <\/div>\r\n                <\/div>\r\n            <\/div>                  \r\n        <\/div>\r\n                <div class=\"col-lg-4 col-md-6 grid-item %e8%83%bd%e9%87%8f%e5%b9%b3%e8%a1%a1\">\r\n            <div class=\"single-project-grid card bg-cover\" style=\"background-image: url('https:\/\/greentech.re\/wp-content\/uploads\/2023\/03\/Hotellerie.jpg');\">\r\n                <div class=\"project-details\">\r\n                    <div class=\"project-cat\">\r\n                        <a href=\"https:\/\/greentech.re\/zh-hans\/project_cat\/%e8%83%bd%e9%87%8f%e5%b9%b3%e8%a1%a1\/\">\u80fd\u91cf\u5e73\u8861<\/a>                    <\/div>\r\n                    <h3><a href=\"https:\/\/greentech.re\/zh-hans\/project\/%e9%85%92%e5%ba%97%e4%b8%9a%e7%9a%84%e8%83%bd%e6%95%88%e5%9f%b9%e8%ae%ad%f0%9f%8e%93\/\">\u9152\u5e97\u4e1a\u7684\u80fd\u6548\u57f9\u8bad\ud83c\udf93<\/a><\/h3>\r\n                    <div class=\"read-more-btn\">\r\n                        <a href=\"https:\/\/greentech.re\/zh-hans\/project\/%e9%85%92%e5%ba%97%e4%b8%9a%e7%9a%84%e8%83%bd%e6%95%88%e5%9f%b9%e8%ae%ad%f0%9f%8e%93\/\">\u4e86\u89e3\u66f4\u591a <i class=\"fal fa-plus\"><\/i><\/a>\r\n                    <\/div>\r\n                <\/div>\r\n            <\/div>                  \r\n        <\/div>\r\n                <div class=\"col-lg-4 col-md-6 grid-item %e5%90%88%e4%bd%9c%e4%bc%99%e4%bc%b4\">\r\n            <div class=\"single-project-grid card bg-cover\" style=\"background-image: url('https:\/\/greentech.re\/wp-content\/uploads\/2023\/01\/1660053639252.jpg');\">\r\n                <div class=\"project-details\">\r\n                    <div class=\"project-cat\">\r\n                        <a href=\"https:\/\/greentech.re\/zh-hans\/project_cat\/%e5%90%88%e4%bd%9c%e4%bc%99%e4%bc%b4\/\">\u5408\u4f5c\u4f19\u4f34<\/a>                    <\/div>\r\n                    <h3><a href=\"https:\/\/greentech.re\/zh-hans\/project\/%e8%8a%82%e8%83%bd%e8%bf%90%e8%a1%8c%ef%bc%9aleclerc-la-reserve-sainte-marie\/\">\u8282\u80fd\u8fd0\u884c\uff1aLECLERC LA RESERVE Sainte-Marie<\/a><\/h3>\r\n                    <div class=\"read-more-btn\">\r\n                        <a href=\"https:\/\/greentech.re\/zh-hans\/project\/%e8%8a%82%e8%83%bd%e8%bf%90%e8%a1%8c%ef%bc%9aleclerc-la-reserve-sainte-marie\/\">\u4e86\u89e3\u66f4\u591a <i class=\"fal fa-plus\"><\/i><\/a>\r\n                    <\/div>\r\n                <\/div>\r\n            <\/div>                  \r\n        <\/div>\r\n                <div class=\"col-lg-4 col-md-6 grid-item %e5%85%b6%e4%bb%96\">\r\n            <div class=\"single-project-grid card bg-cover\" style=\"background-image: url('https:\/\/greentech.re\/wp-content\/uploads\/2023\/03\/PPE.jpg');\">\r\n                <div class=\"project-details\">\r\n                    <div class=\"project-cat\">\r\n                        <a href=\"https:\/\/greentech.re\/zh-hans\/project_cat\/%e5%85%b6%e4%bb%96\/\">\u5176\u4ed6<\/a>                    <\/div>\r\n                    <h3><a href=\"https:\/\/greentech.re\/zh-hans\/project\/%e7%95%99%e5%b0%bc%e6%97%ba-2019-2028-%e5%b9%b4%e3%80%8a%e6%ac%a7%e6%b4%b2%e4%bc%98%e5%85%88%e8%ae%a1%e5%88%92%e3%80%8b%e8%8e%b7%e5%be%97%e9%80%9a%e8%bf%87\/\">\u7559\u5c3c\u65fa 2019-2028 \u5e74\u300a\u6b27\u6d32\u4f18\u5148\u8ba1\u5212\u300b\u83b7\u5f97\u901a\u8fc7<\/a><\/h3>\r\n                    <div class=\"read-more-btn\">\r\n                        <a href=\"https:\/\/greentech.re\/zh-hans\/project\/%e7%95%99%e5%b0%bc%e6%97%ba-2019-2028-%e5%b9%b4%e3%80%8a%e6%ac%a7%e6%b4%b2%e4%bc%98%e5%85%88%e8%ae%a1%e5%88%92%e3%80%8b%e8%8e%b7%e5%be%97%e9%80%9a%e8%bf%87\/\">\u4e86\u89e3\u66f4\u591a <i class=\"fal fa-plus\"><\/i><\/a>\r\n                    <\/div>\r\n                <\/div>\r\n            <\/div>                  \r\n        <\/div>\r\n                <div class=\"col-lg-4 col-md-6 grid-item %e5%85%89%e7%94%b5\">\r\n            <div class=\"single-project-grid card bg-cover\" style=\"background-image: url('https:\/\/greentech.re\/wp-content\/uploads\/2023\/03\/DJI_0764-scaled.jpg');\">\r\n                <div class=\"project-details\">\r\n                    <div class=\"project-cat\">\r\n                        <a href=\"https:\/\/greentech.re\/zh-hans\/project_cat\/%e5%85%89%e7%94%b5\/\">\u5149\u7535<\/a>                    <\/div>\r\n                    <h3><a href=\"https:\/\/greentech.re\/zh-hans\/project\/%e5%9c%a3%e7%8e%9b%e4%b8%bd-hyper-e-leclerc-la-reserve-%e7%9a%84%e8%87%aa%e7%94%a8%e5%85%89%e4%bc%8f%e5%8f%91%e7%94%b5%e7%ab%99-974\/\">\u5723\u739b\u4e3d Hyper E. Leclerc La R\u00e9serve \u7684\u81ea\u7528\u5149\u4f0f\u53d1\u7535\u7ad9 974<\/a><\/h3>\r\n                    <div class=\"read-more-btn\">\r\n                        <a href=\"https:\/\/greentech.re\/zh-hans\/project\/%e5%9c%a3%e7%8e%9b%e4%b8%bd-hyper-e-leclerc-la-reserve-%e7%9a%84%e8%87%aa%e7%94%a8%e5%85%89%e4%bc%8f%e5%8f%91%e7%94%b5%e7%ab%99-974\/\">\u4e86\u89e3\u66f4\u591a <i class=\"fal fa-plus\"><\/i><\/a>\r\n                    <\/div>\r\n                <\/div>\r\n            <\/div>                  \r\n        <\/div>\r\n                <div class=\"col-lg-4 col-md-6 grid-item %e8%83%bd%e9%87%8f%e5%b9%b3%e8%a1%a1\">\r\n            <div class=\"single-project-grid card bg-cover\" style=\"background-image: url('https:\/\/greentech.re\/wp-content\/uploads\/2023\/03\/Faustine.jpg');\">\r\n                <div class=\"project-details\">\r\n                    <div class=\"project-cat\">\r\n                        <a href=\"https:\/\/greentech.re\/zh-hans\/project_cat\/%e8%83%bd%e9%87%8f%e5%b9%b3%e8%a1%a1\/\">\u80fd\u91cf\u5e73\u8861<\/a>                    <\/div>\r\n                    <h3><a href=\"https:\/\/greentech.re\/zh-hans\/project\/bungalow-%e8%ae%a1%e5%88%92-%e6%8f%90%e9%ab%98%e7%94%9f%e6%80%81%e6%84%8f%e8%af%86%e7%9a%84%e4%b8%a5%e8%82%83%e6%b8%b8%e6%88%8f\/\">BUNGALOW \u8ba1\u5212&#8211;\u63d0\u9ad8\u751f\u6001\u610f\u8bc6\u7684\u4e25\u8083\u6e38\u620f<\/a><\/h3>\r\n                    <div class=\"read-more-btn\">\r\n                        <a href=\"https:\/\/greentech.re\/zh-hans\/project\/bungalow-%e8%ae%a1%e5%88%92-%e6%8f%90%e9%ab%98%e7%94%9f%e6%80%81%e6%84%8f%e8%af%86%e7%9a%84%e4%b8%a5%e8%82%83%e6%b8%b8%e6%88%8f\/\">\u4e86\u89e3\u66f4\u591a <i class=\"fal fa-plus\"><\/i><\/a>\r\n                    <\/div>\r\n                <\/div>\r\n            <\/div>                  \r\n        <\/div>\r\n                <div class=\"col-lg-4 col-md-6 grid-item %e5%85%b6%e4%bb%96\">\r\n            <div class=\"single-project-grid card bg-cover\" style=\"background-image: url('https:\/\/greentech.re\/wp-content\/uploads\/2023\/03\/Livrable.jpg');\">\r\n                <div class=\"project-details\">\r\n                    <div class=\"project-cat\">\r\n                        <a href=\"https:\/\/greentech.re\/zh-hans\/project_cat\/%e5%85%b6%e4%bb%96\/\">\u5176\u4ed6<\/a>                    <\/div>\r\n                    <h3><a href=\"https:\/\/greentech.re\/zh-hans\/project\/swacool-%e9%a1%b9%e7%9b%ae%e6%9c%80%e7%bb%88%e7%a1%ae%e5%ae%9a\/\">SWACool \u9879\u76ee\u6700\u7ec8\u786e\u5b9a<\/a><\/h3>\r\n                    <div class=\"read-more-btn\">\r\n                        <a href=\"https:\/\/greentech.re\/zh-hans\/project\/swacool-%e9%a1%b9%e7%9b%ae%e6%9c%80%e7%bb%88%e7%a1%ae%e5%ae%9a\/\">\u4e86\u89e3\u66f4\u591a <i class=\"fal fa-plus\"><\/i><\/a>\r\n                    <\/div>\r\n                <\/div>\r\n            <\/div>                  \r\n        <\/div>\r\n                <div class=\"col-lg-4 col-md-6 grid-item %e5%85%89%e7%94%b5\">\r\n            <div class=\"single-project-grid card bg-cover\" style=\"background-image: url('https:\/\/greentech.re\/wp-content\/uploads\/2023\/03\/Leclerc-Terrass.jpg');\">\r\n                <div class=\"project-details\">\r\n                    <div class=\"project-cat\">\r\n                        <a href=\"https:\/\/greentech.re\/zh-hans\/project_cat\/%e5%85%89%e7%94%b5\/\">\u5149\u7535<\/a>                    <\/div>\r\n                    <h3><a href=\"https:\/\/greentech.re\/zh-hans\/project\/%e7%95%99%e5%b0%bc%e6%97%ba%e8%87%aa%e7%94%a8%e5%85%89%e4%bc%8f%e5%8f%91%e7%94%b5%e7%ab%99-%e5%9c%a3%e7%ba%a6%e7%91%9f%e7%9a%84-hyper-e-leclerc-les-terrass\/\">\u7559\u5c3c\u65fa\u81ea\u7528\u5149\u4f0f\u53d1\u7535\u7ad9 \u5723\u7ea6\u745f\u7684 Hyper E. Leclerc les Terrass<\/a><\/h3>\r\n                    <div class=\"read-more-btn\">\r\n                        <a href=\"https:\/\/greentech.re\/zh-hans\/project\/%e7%95%99%e5%b0%bc%e6%97%ba%e8%87%aa%e7%94%a8%e5%85%89%e4%bc%8f%e5%8f%91%e7%94%b5%e7%ab%99-%e5%9c%a3%e7%ba%a6%e7%91%9f%e7%9a%84-hyper-e-leclerc-les-terrass\/\">\u4e86\u89e3\u66f4\u591a <i class=\"fal fa-plus\"><\/i><\/a>\r\n                    <\/div>\r\n                <\/div>\r\n            <\/div>                  \r\n        <\/div>\r\n                <div class=\"col-lg-4 col-md-6 grid-item %e5%85%b6%e4%bb%96\">\r\n            <div class=\"single-project-grid card bg-cover\" style=\"background-image: url('https:\/\/greentech.re\/wp-content\/uploads\/2023\/03\/Livrable.jpg');\">\r\n                <div class=\"project-details\">\r\n                    <div class=\"project-cat\">\r\n                        <a href=\"https:\/\/greentech.re\/zh-hans\/project_cat\/%e5%85%b6%e4%bb%96\/\">\u5176\u4ed6<\/a>                    <\/div>\r\n                    <h3><a href=\"https:\/\/greentech.re\/zh-hans\/project\/%e5%ae%8c%e6%88%90-tropiclim-%e9%a1%b9%e7%9b%ae\/\">\u5b8c\u6210 Tropiclim \u9879\u76ee<\/a><\/h3>\r\n                    <div class=\"read-more-btn\">\r\n                        <a href=\"https:\/\/greentech.re\/zh-hans\/project\/%e5%ae%8c%e6%88%90-tropiclim-%e9%a1%b9%e7%9b%ae\/\">\u4e86\u89e3\u66f4\u591a <i class=\"fal fa-plus\"><\/i><\/a>\r\n                    <\/div>\r\n                <\/div>\r\n            <\/div>                  \r\n        <\/div>\r\n            <\/div>\r\n\r\n    <script>\r\n        (function ( $ ) {\r\n            \"use strict\";\r\n            $(document).ready( function() {\r\n               \r\n                $('.container').imagesLoaded(function() {\r\n                    $('.portfolio-cat-filter').on('click', 'button', function() {\r\n                        var filterValue = $(this).attr('data-filter');\r\n                        $grid.isotope({ filter: filterValue });\r\n                    });\r\n\r\n                    var $grid = $('.grid').isotope({\r\n                        itemSelector: '.grid-item',\r\n                        percentPosition: true,\r\n                    });\r\n                });\r\n\r\n                var catButton = '.portfolio-cat-filter button';\r\n\r\n                $(catButton).on('click', function(){\r\n                    $(catButton).removeClass('active');\r\n                    $(this).addClass('active');\r\n                });\r\n            });\r\n        }( jQuery ));\r\n    <\/script>\r\n    \t\t\t\t<\/div>\n\t\t\t\t<\/div>\n\t\t\t\t\t<\/div>\n\t\t<\/div>\n\t\t\t\t\t<\/div>\n\t\t<\/section>\n\t\t\t\t<\/div>\n\t\t","protected":false},"excerpt":{"rendered":"<p>Tout Autre Bilan \u00e9nerg\u00e9tique D\u00e9cret tertiaire Partenari [&hellip;]<\/p>\n","protected":false},"author":1,"featured_media":0,"parent":0,"menu_order":0,"comment_status":"closed","ping_status":"closed","template":"elementor_header_footer","meta":{"_acf_changed":false,"footnotes":""},"class_list":["post-5864","page","type-page","status-publish","hentry"],"acf":[],"_links":{"self":[{"href":"https:\/\/greentech.re\/zh-hans\/wp-json\/wp\/v2\/pages\/5864","targetHints":{"allow":["GET"]}}],"collection":[{"href":"https:\/\/greentech.re\/zh-hans\/wp-json\/wp\/v2\/pages"}],"about":[{"href":"https:\/\/greentech.re\/zh-hans\/wp-json\/wp\/v2\/types\/page"}],"author":[{"embeddable":true,"href":"https:\/\/greentech.re\/zh-hans\/wp-json\/wp\/v2\/users\/1"}],"replies":[{"embeddable":true,"href":"https:\/\/greentech.re\/zh-hans\/wp-json\/wp\/v2\/comments?post=5864"}],"version-history":[{"count":3,"href":"https:\/\/greentech.re\/zh-hans\/wp-json\/wp\/v2\/pages\/5864\/revisions"}],"predecessor-version":[{"id":6120,"href":"https:\/\/greentech.re\/zh-hans\/wp-json\/wp\/v2\/pages\/5864\/revisions\/6120"}],"wp:attachment":[{"href":"https:\/\/greentech.re\/zh-hans\/wp-json\/wp\/v2\/media?parent=5864"}],"curies":[{"name":"wp","href":"https:\/\/api.w.org\/{rel}","templated":true}]}}