{"id":5861,"date":"2022-07-20T07:44:23","date_gmt":"2022-07-20T03:44:23","guid":{"rendered":"https:\/\/greentech.re\/news\/"},"modified":"2024-04-13T16:27:06","modified_gmt":"2024-04-13T12:27:06","slug":"news","status":"publish","type":"page","link":"https:\/\/greentech.re\/en\/news\/","title":{"rendered":"News"},"content":{"rendered":"\t\t<div data-elementor-type=\"wp-page\" data-elementor-id=\"5861\" class=\"elementor elementor-5861 elementor-2139\">\n\t\t\t\t\t\t<section class=\"elementor-section elementor-top-section elementor-element elementor-element-c2ae227 elementor-section-boxed elementor-section-height-default elementor-section-height-default\" data-id=\"c2ae227\" data-element_type=\"section\" data-e-type=\"section\">\n\t\t\t\t\t\t<div class=\"elementor-container elementor-column-gap-default\">\n\t\t\t\t\t<div class=\"elementor-column elementor-col-100 elementor-top-column elementor-element elementor-element-58f5890\" data-id=\"58f5890\" data-element_type=\"column\" data-e-type=\"column\">\n\t\t\t<div class=\"elementor-widget-wrap elementor-element-populated\">\n\t\t\t\t\t\t<div class=\"elementor-element elementor-element-476e2b2 elementor-widget elementor-widget-modina_portfolios\" data-id=\"476e2b2\" data-element_type=\"widget\" data-e-type=\"widget\" data-widget_type=\"modina_portfolios.default\">\n\t\t\t\t<div class=\"elementor-widget-container\">\n\t\t\t\t\t    \r\n    <div class=\"row mb-20\">\r\n        <div class=\"col-12 col-lg-12 text-center\">\r\n            <div class=\"portfolio-cat-filter\">\r\n                <button data-filter=\"*\" class=\"active\">All<\/button>\r\n                                <button data-filter=\".energy-balance\">Energy balance<\/button>\r\n                                <button data-filter=\".other\">Other<\/button>\r\n                                <button data-filter=\".partnerships\">Partnerships<\/button>\r\n                                <button data-filter=\".photovoltaic-en\">Photovoltaic<\/button>\r\n                                <button data-filter=\".tertiary-decree\">Tertiary Decree<\/button>\r\n                            <\/div>\r\n        <\/div>\r\n    <\/div>\r\n\r\n    <div class=\"row grid\">\r\n                <div class=\"col-lg-4 col-md-6 grid-item photovoltaic-en\">\r\n            <div class=\"single-project-grid card bg-cover\" style=\"background-image: url('https:\/\/greentech.re\/wp-content\/uploads\/2023\/12\/AltiDrone974-HD-DJI_0619-Panorama-scaled.jpg');\">\r\n                <div class=\"project-details\">\r\n                    <div class=\"project-cat\">\r\n                        <a href=\"https:\/\/greentech.re\/en\/project_cat\/photovoltaic-en\/\">Photovoltaic<\/a>                    <\/div>\r\n                    <h3><a href=\"https:\/\/greentech.re\/en\/project\/photovoltaic-power-plant-for-resale-e-leclerc-headquarters-in-reunion-island-974\/\">Photovoltaic power plant for resale &#8211; E. Leclerc headquarters in Reunion Island 974<\/a><\/h3>\r\n                    <div class=\"read-more-btn\">\r\n                        <a href=\"https:\/\/greentech.re\/en\/project\/photovoltaic-power-plant-for-resale-e-leclerc-headquarters-in-reunion-island-974\/\">Find out more <i class=\"fal fa-plus\"><\/i><\/a>\r\n                    <\/div>\r\n                <\/div>\r\n            <\/div>                  \r\n        <\/div>\r\n                <div class=\"col-lg-4 col-md-6 grid-item other\">\r\n            <div class=\"single-project-grid card bg-cover\" style=\"background-image: url('https:\/\/greentech.re\/wp-content\/uploads\/2023\/11\/public-senat.png');\">\r\n                <div class=\"project-details\">\r\n                    <div class=\"project-cat\">\r\n                        <a href=\"https:\/\/greentech.re\/en\/project_cat\/other\/\">Other<\/a>                    <\/div>\r\n                    <h3><a href=\"https:\/\/greentech.re\/en\/project\/historic-agreement-for-nuclear-energy-a-new-era-for-edf-and-french-competitiveness\/\">Historic Agreement for Nuclear Energy: A New Era for EDF and French Competitiveness<\/a><\/h3>\r\n                    <div class=\"read-more-btn\">\r\n                        <a href=\"https:\/\/greentech.re\/en\/project\/historic-agreement-for-nuclear-energy-a-new-era-for-edf-and-french-competitiveness\/\">Find out more <i class=\"fal fa-plus\"><\/i><\/a>\r\n                    <\/div>\r\n                <\/div>\r\n            <\/div>                  \r\n        <\/div>\r\n                <div class=\"col-lg-4 col-md-6 grid-item energy-balance\">\r\n            <div class=\"single-project-grid card bg-cover\" style=\"background-image: url('https:\/\/greentech.re\/wp-content\/uploads\/2023\/08\/MicrosoftTeams-image-39.jpg');\">\r\n                <div class=\"project-details\">\r\n                    <div class=\"project-cat\">\r\n                        <a href=\"https:\/\/greentech.re\/en\/project_cat\/energy-balance\/\">Energy balance<\/a>                    <\/div>\r\n                    <h3><a href=\"https:\/\/greentech.re\/en\/project\/effikaz-energy-audits-for-private-individuals\/\">Effi&#8217;Kaz: Energy audits for private individuals<\/a><\/h3>\r\n                    <div class=\"read-more-btn\">\r\n                        <a href=\"https:\/\/greentech.re\/en\/project\/effikaz-energy-audits-for-private-individuals\/\">Find out more <i class=\"fal fa-plus\"><\/i><\/a>\r\n                    <\/div>\r\n                <\/div>\r\n            <\/div>                  \r\n        <\/div>\r\n                <div class=\"col-lg-4 col-md-6 grid-item partnerships\">\r\n            <div class=\"single-project-grid card bg-cover\" style=\"background-image: url('https:\/\/greentech.re\/wp-content\/uploads\/2023\/07\/20230615_AG_CEPAC-264-scaled.jpg');\">\r\n                <div class=\"project-details\">\r\n                    <div class=\"project-cat\">\r\n                        <a href=\"https:\/\/greentech.re\/en\/project_cat\/partnerships\/\">Partnerships<\/a>                    <\/div>\r\n                    <h3><a href=\"https:\/\/greentech.re\/en\/project\/green-tech-presentation-at-the-cepac-annual-general-meeting-june-2023\/\">Green Tech presentation at the CEPAC Annual General Meeting &#8211; June 2023<\/a><\/h3>\r\n                    <div class=\"read-more-btn\">\r\n                        <a href=\"https:\/\/greentech.re\/en\/project\/green-tech-presentation-at-the-cepac-annual-general-meeting-june-2023\/\">Find out more <i class=\"fal fa-plus\"><\/i><\/a>\r\n                    <\/div>\r\n                <\/div>\r\n            <\/div>                  \r\n        <\/div>\r\n                <div class=\"col-lg-4 col-md-6 grid-item energy-balance\">\r\n            <div class=\"single-project-grid card bg-cover\" style=\"background-image: url('https:\/\/greentech.re\/wp-content\/uploads\/2023\/04\/MicrosoftTeams-image-30.jpg');\">\r\n                <div class=\"project-details\">\r\n                    <div class=\"project-cat\">\r\n                        <a href=\"https:\/\/greentech.re\/en\/project_cat\/energy-balance\/\">Energy balance<\/a>                    <\/div>\r\n                    <h3><a href=\"https:\/\/greentech.re\/en\/project\/energy-audits-interview-with-anthony-bouteiller\/\">Energy audits &#8211; Interview with Anthony Bouteiller<\/a><\/h3>\r\n                    <div class=\"read-more-btn\">\r\n                        <a href=\"https:\/\/greentech.re\/en\/project\/energy-audits-interview-with-anthony-bouteiller\/\">Find out more <i class=\"fal fa-plus\"><\/i><\/a>\r\n                    <\/div>\r\n                <\/div>\r\n            <\/div>                  \r\n        <\/div>\r\n                <div class=\"col-lg-4 col-md-6 grid-item tertiary-decree\">\r\n            <div class=\"single-project-grid card bg-cover\" style=\"background-image: url('https:\/\/greentech.re\/wp-content\/uploads\/2023\/03\/decret-tertiaire.jpg');\">\r\n                <div class=\"project-details\">\r\n                    <div class=\"project-cat\">\r\n                        <a href=\"https:\/\/greentech.re\/en\/project_cat\/tertiary-decree\/\">Tertiary Decree<\/a>                    <\/div>\r\n                    <h3><a href=\"https:\/\/greentech.re\/en\/project\/tertiary-sector-decree-have-you-declared-your-consumption-on-operat\/\">Tertiary sector decree: Have you declared your consumption on OPERAT?<\/a><\/h3>\r\n                    <div class=\"read-more-btn\">\r\n                        <a href=\"https:\/\/greentech.re\/en\/project\/tertiary-sector-decree-have-you-declared-your-consumption-on-operat\/\">Find out more <i class=\"fal fa-plus\"><\/i><\/a>\r\n                    <\/div>\r\n                <\/div>\r\n            <\/div>                  \r\n        <\/div>\r\n                <div class=\"col-lg-4 col-md-6 grid-item energy-balance\">\r\n            <div class=\"single-project-grid card bg-cover\" style=\"background-image: url('https:\/\/greentech.re\/wp-content\/uploads\/2023\/01\/Interview.jpg');\">\r\n                <div class=\"project-details\">\r\n                    <div class=\"project-cat\">\r\n                        <a href=\"https:\/\/greentech.re\/en\/project_cat\/energy-balance\/\">Energy balance<\/a>                    <\/div>\r\n                    <h3><a href=\"https:\/\/greentech.re\/en\/project\/interview-francois-garde\/\">Interview Fran\u00e7ois GARDE<\/a><\/h3>\r\n                    <div class=\"read-more-btn\">\r\n                        <a href=\"https:\/\/greentech.re\/en\/project\/interview-francois-garde\/\">Find out more <i class=\"fal fa-plus\"><\/i><\/a>\r\n                    <\/div>\r\n                <\/div>\r\n            <\/div>                  \r\n        <\/div>\r\n                <div class=\"col-lg-4 col-md-6 grid-item energy-balance\">\r\n            <div class=\"single-project-grid card bg-cover\" style=\"background-image: url('https:\/\/greentech.re\/wp-content\/uploads\/2023\/03\/Hotellerie.jpg');\">\r\n                <div class=\"project-details\">\r\n                    <div class=\"project-cat\">\r\n                        <a href=\"https:\/\/greentech.re\/en\/project_cat\/energy-balance\/\">Energy balance<\/a>                    <\/div>\r\n                    <h3><a href=\"https:\/\/greentech.re\/en\/project\/energy-performance-training-in-the-hotel-industry%f0%9f%8e%93\/\">energy performance training in the hotel industry\ud83c\udf93<\/a><\/h3>\r\n                    <div class=\"read-more-btn\">\r\n                        <a href=\"https:\/\/greentech.re\/en\/project\/energy-performance-training-in-the-hotel-industry%f0%9f%8e%93\/\">Find out more <i class=\"fal fa-plus\"><\/i><\/a>\r\n                    <\/div>\r\n                <\/div>\r\n            <\/div>                  \r\n        <\/div>\r\n                <div class=\"col-lg-4 col-md-6 grid-item partnerships\">\r\n            <div class=\"single-project-grid card bg-cover\" style=\"background-image: url('https:\/\/greentech.re\/wp-content\/uploads\/2023\/01\/1660053639252.jpg');\">\r\n                <div class=\"project-details\">\r\n                    <div class=\"project-cat\">\r\n                        <a href=\"https:\/\/greentech.re\/en\/project_cat\/partnerships\/\">Partnerships<\/a>                    <\/div>\r\n                    <h3><a href=\"https:\/\/greentech.re\/en\/project\/energy-saving-operation-leclerc-la-reserve-sainte-marie\/\">Energy-saving operation: LECLERC LA RESERVE Sainte-Marie<\/a><\/h3>\r\n                    <div class=\"read-more-btn\">\r\n                        <a href=\"https:\/\/greentech.re\/en\/project\/energy-saving-operation-leclerc-la-reserve-sainte-marie\/\">Find out more <i class=\"fal fa-plus\"><\/i><\/a>\r\n                    <\/div>\r\n                <\/div>\r\n            <\/div>                  \r\n        <\/div>\r\n                <div class=\"col-lg-4 col-md-6 grid-item other\">\r\n            <div class=\"single-project-grid card bg-cover\" style=\"background-image: url('https:\/\/greentech.re\/wp-content\/uploads\/2023\/03\/PPE.jpg');\">\r\n                <div class=\"project-details\">\r\n                    <div class=\"project-cat\">\r\n                        <a href=\"https:\/\/greentech.re\/en\/project_cat\/other\/\">Other<\/a>                    <\/div>\r\n                    <h3><a href=\"https:\/\/greentech.re\/en\/project\/reunions-2019-2028-epp-is-adopted\/\">Reunion&#8217;s 2019-2028 EPP is adopted<\/a><\/h3>\r\n                    <div class=\"read-more-btn\">\r\n                        <a href=\"https:\/\/greentech.re\/en\/project\/reunions-2019-2028-epp-is-adopted\/\">Find out more <i class=\"fal fa-plus\"><\/i><\/a>\r\n                    <\/div>\r\n                <\/div>\r\n            <\/div>                  \r\n        <\/div>\r\n                <div class=\"col-lg-4 col-md-6 grid-item photovoltaic-en\">\r\n            <div class=\"single-project-grid card bg-cover\" style=\"background-image: url('https:\/\/greentech.re\/wp-content\/uploads\/2023\/03\/DJI_0764-scaled.jpg');\">\r\n                <div class=\"project-details\">\r\n                    <div class=\"project-cat\">\r\n                        <a href=\"https:\/\/greentech.re\/en\/project_cat\/photovoltaic-en\/\">Photovoltaic<\/a>                    <\/div>\r\n                    <h3><a href=\"https:\/\/greentech.re\/en\/project\/self-consumption-photovoltaic-power-plant-hyper-e-leclerc-la-reserve-in-sainte-marie-974\/\">Self-consumption photovoltaic power plant Hyper E. Leclerc La R\u00e9serve in Sainte Marie 974<\/a><\/h3>\r\n                    <div class=\"read-more-btn\">\r\n                        <a href=\"https:\/\/greentech.re\/en\/project\/self-consumption-photovoltaic-power-plant-hyper-e-leclerc-la-reserve-in-sainte-marie-974\/\">Find out more <i class=\"fal fa-plus\"><\/i><\/a>\r\n                    <\/div>\r\n                <\/div>\r\n            <\/div>                  \r\n        <\/div>\r\n                <div class=\"col-lg-4 col-md-6 grid-item energy-balance\">\r\n            <div class=\"single-project-grid card bg-cover\" style=\"background-image: url('https:\/\/greentech.re\/wp-content\/uploads\/2023\/03\/Faustine.jpg');\">\r\n                <div class=\"project-details\">\r\n                    <div class=\"project-cat\">\r\n                        <a href=\"https:\/\/greentech.re\/en\/project_cat\/energy-balance\/\">Energy balance<\/a>                    <\/div>\r\n                    <h3><a href=\"https:\/\/greentech.re\/en\/project\/bungalow-program-a-serious-game-for-ecology-awareness\/\">BUNGALOW PROGRAM &#8211; A SERIOUS GAME FOR ECOLOGY AWARENESS<\/a><\/h3>\r\n                    <div class=\"read-more-btn\">\r\n                        <a href=\"https:\/\/greentech.re\/en\/project\/bungalow-program-a-serious-game-for-ecology-awareness\/\">Find out more <i class=\"fal fa-plus\"><\/i><\/a>\r\n                    <\/div>\r\n                <\/div>\r\n            <\/div>                  \r\n        <\/div>\r\n                <div class=\"col-lg-4 col-md-6 grid-item other\">\r\n            <div class=\"single-project-grid card bg-cover\" style=\"background-image: url('https:\/\/greentech.re\/wp-content\/uploads\/2023\/03\/Livrable.jpg');\">\r\n                <div class=\"project-details\">\r\n                    <div class=\"project-cat\">\r\n                        <a href=\"https:\/\/greentech.re\/en\/project_cat\/other\/\">Other<\/a>                    <\/div>\r\n                    <h3><a href=\"https:\/\/greentech.re\/en\/project\/swacool-project-finalized\/\">SWACool project finalized<\/a><\/h3>\r\n                    <div class=\"read-more-btn\">\r\n                        <a href=\"https:\/\/greentech.re\/en\/project\/swacool-project-finalized\/\">Find out more <i class=\"fal fa-plus\"><\/i><\/a>\r\n                    <\/div>\r\n                <\/div>\r\n            <\/div>                  \r\n        <\/div>\r\n                <div class=\"col-lg-4 col-md-6 grid-item photovoltaic-en\">\r\n            <div class=\"single-project-grid card bg-cover\" style=\"background-image: url('https:\/\/greentech.re\/wp-content\/uploads\/2023\/03\/Leclerc-Terrass.jpg');\">\r\n                <div class=\"project-details\">\r\n                    <div class=\"project-cat\">\r\n                        <a href=\"https:\/\/greentech.re\/en\/project_cat\/photovoltaic-en\/\">Photovoltaic<\/a>                    <\/div>\r\n                    <h3><a href=\"https:\/\/greentech.re\/en\/project\/self-consumption-photovoltaic-power-plant-in-la-reunion-hyper-e-leclerc-les-terrass-in-saint-joseph\/\">Self-consumption photovoltaic power plant in La R\u00e9union Hyper E. Leclerc les Terrass in Saint-Joseph<\/a><\/h3>\r\n                    <div class=\"read-more-btn\">\r\n                        <a href=\"https:\/\/greentech.re\/en\/project\/self-consumption-photovoltaic-power-plant-in-la-reunion-hyper-e-leclerc-les-terrass-in-saint-joseph\/\">Find out more <i class=\"fal fa-plus\"><\/i><\/a>\r\n                    <\/div>\r\n                <\/div>\r\n            <\/div>                  \r\n        <\/div>\r\n                <div class=\"col-lg-4 col-md-6 grid-item other\">\r\n            <div class=\"single-project-grid card bg-cover\" style=\"background-image: url('https:\/\/greentech.re\/wp-content\/uploads\/2023\/03\/Livrable.jpg');\">\r\n                <div class=\"project-details\">\r\n                    <div class=\"project-cat\">\r\n                        <a href=\"https:\/\/greentech.re\/en\/project_cat\/other\/\">Other<\/a>                    <\/div>\r\n                    <h3><a href=\"https:\/\/greentech.re\/en\/project\/tropiclim-project-finalized\/\">Tropiclim project finalized<\/a><\/h3>\r\n                    <div class=\"read-more-btn\">\r\n                        <a href=\"https:\/\/greentech.re\/en\/project\/tropiclim-project-finalized\/\">Find out more <i class=\"fal fa-plus\"><\/i><\/a>\r\n                    <\/div>\r\n                <\/div>\r\n            <\/div>                  \r\n        <\/div>\r\n            <\/div>\r\n\r\n    <script>\r\n        (function ( $ ) {\r\n            \"use strict\";\r\n            $(document).ready( function() {\r\n               \r\n                $('.container').imagesLoaded(function() {\r\n                    $('.portfolio-cat-filter').on('click', 'button', function() {\r\n                        var filterValue = $(this).attr('data-filter');\r\n                        $grid.isotope({ filter: filterValue });\r\n                    });\r\n\r\n                    var $grid = $('.grid').isotope({\r\n                        itemSelector: '.grid-item',\r\n                        percentPosition: true,\r\n                    });\r\n                });\r\n\r\n                var catButton = '.portfolio-cat-filter button';\r\n\r\n                $(catButton).on('click', function(){\r\n                    $(catButton).removeClass('active');\r\n                    $(this).addClass('active');\r\n                });\r\n            });\r\n        }( jQuery ));\r\n    <\/script>\r\n    \t\t\t\t<\/div>\n\t\t\t\t<\/div>\n\t\t\t\t\t<\/div>\n\t\t<\/div>\n\t\t\t\t\t<\/div>\n\t\t<\/section>\n\t\t\t\t<\/div>\n\t\t","protected":false},"excerpt":{"rendered":"<p>Tout Autre Bilan \u00e9nerg\u00e9tique D\u00e9cret tertiaire Partenariats Photovolta\u00efque Photovolta\u00efque Installation en autoconsommation Hyper E. Leclerc les Terrass \u00e0 Saint-Joseph En savoir plus Photovolta\u00efque Installation en autoconsommation Hyper E. Leclerc La R\u00e9serve \u00e0 Sainte Marie En savoir plus Bilan \u00e9nerg\u00e9tique Programme BUNGALOW \u2013 UN SERIOUS GAME POUR SENSIBILISER AUX \u00c9COGESTES En savoir plus Autre La PPE [&hellip;]<\/p>\n","protected":false},"author":1,"featured_media":0,"parent":0,"menu_order":0,"comment_status":"closed","ping_status":"closed","template":"elementor_header_footer","meta":{"_acf_changed":false,"footnotes":""},"class_list":["post-5861","page","type-page","status-publish","hentry"],"acf":[],"_links":{"self":[{"href":"https:\/\/greentech.re\/en\/wp-json\/wp\/v2\/pages\/5861","targetHints":{"allow":["GET"]}}],"collection":[{"href":"https:\/\/greentech.re\/en\/wp-json\/wp\/v2\/pages"}],"about":[{"href":"https:\/\/greentech.re\/en\/wp-json\/wp\/v2\/types\/page"}],"author":[{"embeddable":true,"href":"https:\/\/greentech.re\/en\/wp-json\/wp\/v2\/users\/1"}],"replies":[{"embeddable":true,"href":"https:\/\/greentech.re\/en\/wp-json\/wp\/v2\/comments?post=5861"}],"version-history":[{"count":3,"href":"https:\/\/greentech.re\/en\/wp-json\/wp\/v2\/pages\/5861\/revisions"}],"predecessor-version":[{"id":6121,"href":"https:\/\/greentech.re\/en\/wp-json\/wp\/v2\/pages\/5861\/revisions\/6121"}],"wp:attachment":[{"href":"https:\/\/greentech.re\/en\/wp-json\/wp\/v2\/media?parent=5861"}],"curies":[{"name":"wp","href":"https:\/\/api.w.org\/{rel}","templated":true}]}}